{"id":19,"date":"2015-12-22T18:03:26","date_gmt":"2015-12-22T18:03:26","guid":{"rendered":"http:\/\/sporchernest-hotel.de\/?page_id=19"},"modified":"2024-10-28T10:53:06","modified_gmt":"2024-10-28T10:53:06","slug":"impressum","status":"publish","type":"page","link":"https:\/\/sporchernest-hotel.de\/de\/impressum","title":{"rendered":"Impressum"},"content":{"rendered":"<h1>Impressum<\/h1>\n<p>&nbsp;<\/p>\n<p><strong>Sporcher Nest<\/strong><br \/>\nInhaber Peter Hummel<br \/>\nHaffnersgartenstrasse 1<br \/>\n90556 Cadolzburg<\/p>\n<p>Tel.: 09103-790239-0<br \/>\nFax: 09103-790239-99<br \/>\n<a href=\"mailto:hotel@sporchernest.de\" target=\"_blank\" rel=\"noopener\">hotel@sporchernest.de<\/a><\/p>\n<p>Steuernummer: 218\/231\/80958<br \/>\nUmsatzsteuer-Identifikationsnummer: DE 29 344 39 72<\/p>\n<p>Verantwortlich f\u00fcr den Inhalt<br \/>\nPeter Hummel<\/p>\n<p>&nbsp;<\/p>\n<p><strong>Copyright<\/strong><\/p>\n<p>\u00a9 2016 Sporcher Nest. Alle Rechte vorbehalten. Die Informationen sind Eigentum von Sporcher Nest. Sie stellen die zum Zeitpunkt der Publikation neuesten Informationen dar.<\/p>\n<p>Sporcher Nest beh\u00e4lt sich das Recht vor, bei Bedarf \u00c4nderungen durchzuf\u00fchren. Aus den hier beschriebenen Themenbereichen k\u00f6nnen keine Rechtsanspr\u00fcche abgeleitet werden.<\/p>\n<p>Die Inhalte d\u00fcrfen weder ganz noch teilweise ohne vorherige schriftliche Genehmigung des Urhebers vervielf\u00e4ltigt und\/oder ver\u00f6ffentlicht oder in einem Informationssystem gespeichert werden.<\/p>\n<p>Sporcher Nest \u00fcbernimmt keinerlei Haftung f\u00fcr die Richtigkeit der Angaben auf dieser Website. Die Angebote sind in allen Teilen unverbindlich.<\/p>\n<p><strong>Fotos<br \/>\n<\/strong><br \/>\nAlle eingestellten\u00a0Fotos\u00a0entstanden durch:\u00a0Peter Hummel<\/p>\n<p><strong>Links<\/strong><\/p>\n<p>Links zu Websites Dritter werden Ihnen auf dieser Website als reine Serviceleistung bzw. als Hinweis angeboten. F\u00fcr die Inhalte, zu denen verlinkt wird, sind die Anbieter der jeweiligen Websites selbst verantwortlich. Sporcher Nest billigt die Drittinhalte weder, noch soll durch die Verlinkung eine Verbindung zwischen Sporcher Nest und diesen Inhalten hergestellt werden.<\/p>\n<p><strong>Haftungsausschluss<\/strong><\/p>\n<p>Jedoch kann keine Garantie daf\u00fcr \u00fcbernommen werden, dass alle Angaben zu jeder Zeit vollst\u00e4ndig, richtig und in letzter Aktualit\u00e4t dargestellt sind. Dies gilt insbesondere f\u00fcr alle Links zu anderen Websites, auf die direkt oder indirekt verwiesen wird. Alle Angaben k\u00f6nnen ohne vorherige Ank\u00fcndigung erg\u00e4nzt, entfernt oder ge\u00e4ndert werden. Alle auf dieser Website genannten Produktnamen, Produktbezeichnungen und Logos sind eingetragene Warenzeichen und Eigentum der jeweiligen Rechteinhaber.<\/p>\n<p><strong>Datenschutzerkl\u00e4rung<\/strong><\/p>\n<p>Ihre Daten werden von unserer Seite nur gem\u00e4\u00df den gesetzlich geltenden Bestimmungen verwendet, in einem anderen als dem dadurch vorgegebenen Rahmen werden sie nicht genutzt. Geltung besitzt die hier vorliegende Datenschutzerkl\u00e4rung lediglich f\u00fcr diejenigen Internetseiten, die von uns angeboten werden. Handelt es sich um Internetseiten von fremden Dienstanbietern, auf die durch eine Verlinkung auf einer unserer Seiten verwiesen wird, besitzt diese Erkl\u00e4rung keine G\u00fcltigkeit.<\/p>\n<p>Ihre Anonymit\u00e4t kann Ihnen bei der Nutzung unserer Seiten garantiert werden; es steht Ihnen jedoch frei, pers\u00f6nliche Daten bez\u00fcglich Ihrer Person aus eigenem Antrieb anzugeben. Dieser Fall k\u00f6nnte beispielsweise eintreten, wenn Sie eine der von uns angebotenen Leistungen in Anspruch nehmen. In manchen F\u00e4llen, beispielsweise bei den Formularangeboten, ist dann eine Angabe pers\u00f6nlicher Daten unumg\u00e4nglich. Diese werden jedoch im Rahmen der gesetzlichen Bestimmungen verwaltet und nicht an Dritte vermittelt.<\/p>\n<p>Hiermit versichern wir Ihnen, dass die Informationen zu Ihrer Person, die Sie uns im Rahmen Ihrer pers\u00f6nlichen Daten zukommen lassen, h\u00f6chst vertraulich behandelt werden. Sollten Sie uns nicht aus bestimmten Gr\u00fcnden selbst dazu erm\u00e4chtigen, geben wir Ihre Daten auf keinen Fall aus den H\u00e4nden. Eine Ausnahme besteht hierbei lediglich in der gesetzlichen und rechtlichen Verpflichtung zur Weitergabe personenbezogener Daten.<\/p>\n<p>Trotz der vertraulichen Behandlung Ihrer personenbezogenen Daten m\u00f6chten wir Sie bitten, gewisse Risikofaktoren zu bedenken: Bei der Weitergabe pers\u00f6nlicher Informationen im Internet kann es vorkommen, dass Daten im \u00dcbermittlungsprozess f\u00fcr Dritte sichtbar oder gar von diesen verf\u00e4lscht werden. Wir achten mit allen uns m\u00f6glichen Mitteln auf die Sicherheit Ihrer pers\u00f6nlichen Informationen, m\u00f6chten aber auf die gerade im Netz vorkommenden Eventualit\u00e4ten hinweisen.<\/p>\n<p>Auf unseren Seiten und hinsichtlich unseres Angebots achten wir auf Transparenz:<br \/>\nSollten Sie das Bed\u00fcrfnis besitzen, einen \u00dcberblick \u00fcber die Daten zu erhalten, die wir zu Ihrer Person gespeichert haben, k\u00f6nnen wir diesem Verlangen jederzeit nachkommen. Auch \u00c4nderungen und Berichtigungen der Informationen k\u00f6nnen nat\u00fcrlich stets vorgenommen werden; weiterhin ist es auch m\u00f6glich, die Ihre Person betreffenden Daten l\u00f6schen zu lassen. Sollten Sie einen Einblick in Ihre Daten, deren Korrektur oder das L\u00f6schen der Informationen w\u00fcnschen, informieren Sie uns dar\u00fcber in einem Schreiben an die Adresse, die Sie im Impressum finden.<\/p>\n<p>Sollten Sie eine Benachrichtigung \u00fcber neue Produkte w\u00fcnschen oder aktuelle Informationen zeitnah erfahren wollen, kann dies in Form von E-Mails geschehen, die wir in regelm\u00e4\u00dfigen Abst\u00e4nden den Anl\u00e4ssen entsprechend an Sie bzw. Ihre Mail-Adresse senden. Elektronische Post erhalten Sie von uns jedoch nur dann, wenn Sie uns Ihre E-Mail-Adresse zum angegebenen Zweck zur Verf\u00fcgung stellen m\u00f6chten.<\/p>\n<h2>Streitschlichtung<\/h2>\n<p>Wir sind nicht bereit oder verpflichtet, an Streitbeilegungsverfahren vor einer Verbraucherschlichtungsstelle teilzunehmen.<\/p>\n<h3>Concept &amp; Webdesign<\/h3>\n<p>Web und Design Kobes<br \/>\nMichael Kobes<br \/>\nOhrenbach 78<br \/>\n91620 Ohrenbach<\/p>\n<p>Tel.: 09865-9412960<br \/>\nFax: 09865-9412951<br \/>\nMobil: 0160-97734531<\/p>\n<p>Email: <a href=\"mailto:info@webdesign-kobes.de\" target=\"_blank\" rel=\"noopener\">info@webdesign-kobes.de<\/a><br \/>\nInternet: <a href=\"http:\/\/www.webdesign-kobes.de\/\" target=\"_blank\" rel=\"noopener\">www.webdesign-kobes.de<\/a><\/p>\n<h1>Impressum<\/h1>\n<p>&nbsp;<\/p>\n<p><strong>Sporcher Nest<\/strong><br \/>\nInhaber Peter Hummel<br \/>\nHaffnersgartenstrasse 1<br \/>\n90556 Cadolzburg<\/p>\n<p>Tel.: 09103-790239-0<br \/>\nFax: 09103-790239-99<br \/>\n<a href=\"mailto:hotel@sporchernest.de\" target=\"_blank\" rel=\"noopener\">hotel@sporchernest.de<\/a><\/p>\n<p>Steuernummer: 218\/231\/80958<br \/>\nUmsatzsteuer-Identifikationsnummer: DE 29 344 39 72<\/p>\n<p>Verantwortlich f\u00fcr den Inhalt<br \/>\nPeter Hummel<\/p>\n<p>&nbsp;<\/p>\n<p><strong>Copyright<\/strong><\/p>\n<p>\u00a9 2016 Sporcher Nest. Alle Rechte vorbehalten. Die Informationen sind Eigentum von Sporcher Nest. Sie stellen die zum Zeitpunkt der Publikation neuesten Informationen dar.<\/p>\n<p>Sporcher Nest beh\u00e4lt sich das Recht vor, bei Bedarf \u00c4nderungen durchzuf\u00fchren. Aus den hier beschriebenen Themenbereichen k\u00f6nnen keine Rechtsanspr\u00fcche abgeleitet werden.<\/p>\n<p>Die Inhalte d\u00fcrfen weder ganz noch teilweise ohne vorherige schriftliche Genehmigung des Urhebers vervielf\u00e4ltigt und\/oder ver\u00f6ffentlicht oder in einem Informationssystem gespeichert werden.<\/p>\n<p>Sporcher Nest \u00fcbernimmt keinerlei Haftung f\u00fcr die Richtigkeit der Angaben auf dieser Website. Die Angebote sind in allen Teilen unverbindlich.<\/p>\n<p><strong>Fotos<br \/>\n<\/strong><br \/>\nAlle eingestellten\u00a0Fotos\u00a0entstanden durch:\u00a0Peter Hummel<\/p>\n<p><strong>Links<\/strong><\/p>\n<p>Links zu Websites Dritter werden Ihnen auf dieser Website als reine Serviceleistung bzw. als Hinweis angeboten. F\u00fcr die Inhalte, zu denen verlinkt wird, sind die Anbieter der jeweiligen Websites selbst verantwortlich. Sporcher Nest billigt die Drittinhalte weder, noch soll durch die Verlinkung eine Verbindung zwischen Sporcher Nest und diesen Inhalten hergestellt werden.<\/p>\n<p><strong>Haftungsausschluss<\/strong><\/p>\n<p>Jedoch kann keine Garantie daf\u00fcr \u00fcbernommen werden, dass alle Angaben zu jeder Zeit vollst\u00e4ndig, richtig und in letzter Aktualit\u00e4t dargestellt sind. Dies gilt insbesondere f\u00fcr alle Links zu anderen Websites, auf die direkt oder indirekt verwiesen wird. Alle Angaben k\u00f6nnen ohne vorherige Ank\u00fcndigung erg\u00e4nzt, entfernt oder ge\u00e4ndert werden. Alle auf dieser Website genannten Produktnamen, Produktbezeichnungen und Logos sind eingetragene Warenzeichen und Eigentum der jeweiligen Rechteinhaber.<\/p>\n<p><strong>Datenschutzerkl\u00e4rung<\/strong><\/p>\n<p>Ihre Daten werden von unserer Seite nur gem\u00e4\u00df den gesetzlich geltenden Bestimmungen verwendet, in einem anderen als dem dadurch vorgegebenen Rahmen werden sie nicht genutzt. Geltung besitzt die hier vorliegende Datenschutzerkl\u00e4rung lediglich f\u00fcr diejenigen Internetseiten, die von uns angeboten werden. Handelt es sich um Internetseiten von fremden Dienstanbietern, auf die durch eine Verlinkung auf einer unserer Seiten verwiesen wird, besitzt diese Erkl\u00e4rung keine G\u00fcltigkeit.<\/p>\n<p>Ihre Anonymit\u00e4t kann Ihnen bei der Nutzung unserer Seiten garantiert werden; es steht Ihnen jedoch frei, pers\u00f6nliche Daten bez\u00fcglich Ihrer Person aus eigenem Antrieb anzugeben. Dieser Fall k\u00f6nnte beispielsweise eintreten, wenn Sie eine der von uns angebotenen Leistungen in Anspruch nehmen. In manchen F\u00e4llen, beispielsweise bei den Formularangeboten, ist dann eine Angabe pers\u00f6nlicher Daten unumg\u00e4nglich. Diese werden jedoch im Rahmen der gesetzlichen Bestimmungen verwaltet und nicht an Dritte vermittelt.<\/p>\n<p>Hiermit versichern wir Ihnen, dass die Informationen zu Ihrer Person, die Sie uns im Rahmen Ihrer pers\u00f6nlichen Daten zukommen lassen, h\u00f6chst vertraulich behandelt werden. Sollten Sie uns nicht aus bestimmten Gr\u00fcnden selbst dazu erm\u00e4chtigen, geben wir Ihre Daten auf keinen Fall aus den H\u00e4nden. Eine Ausnahme besteht hierbei lediglich in der gesetzlichen und rechtlichen Verpflichtung zur Weitergabe personenbezogener Daten.<\/p>\n<p>Trotz der vertraulichen Behandlung Ihrer personenbezogenen Daten m\u00f6chten wir Sie bitten, gewisse Risikofaktoren zu bedenken: Bei der Weitergabe pers\u00f6nlicher Informationen im Internet kann es vorkommen, dass Daten im \u00dcbermittlungsprozess f\u00fcr Dritte sichtbar oder gar von diesen verf\u00e4lscht werden. Wir achten mit allen uns m\u00f6glichen Mitteln auf die Sicherheit Ihrer pers\u00f6nlichen Informationen, m\u00f6chten aber auf die gerade im Netz vorkommenden Eventualit\u00e4ten hinweisen.<\/p>\n<p>Auf unseren Seiten und hinsichtlich unseres Angebots achten wir auf Transparenz:<br \/>\nSollten Sie das Bed\u00fcrfnis besitzen, einen \u00dcberblick \u00fcber die Daten zu erhalten, die wir zu Ihrer Person gespeichert haben, k\u00f6nnen wir diesem Verlangen jederzeit nachkommen. Auch \u00c4nderungen und Berichtigungen der Informationen k\u00f6nnen nat\u00fcrlich stets vorgenommen werden; weiterhin ist es auch m\u00f6glich, die Ihre Person betreffenden Daten l\u00f6schen zu lassen. Sollten Sie einen Einblick in Ihre Daten, deren Korrektur oder das L\u00f6schen der Informationen w\u00fcnschen, informieren Sie uns dar\u00fcber in einem Schreiben an die Adresse, die Sie im Impressum finden.<\/p>\n<p>Sollten Sie eine Benachrichtigung \u00fcber neue Produkte w\u00fcnschen oder aktuelle Informationen zeitnah erfahren wollen, kann dies in Form von E-Mails geschehen, die wir in regelm\u00e4\u00dfigen Abst\u00e4nden den Anl\u00e4ssen entsprechend an Sie bzw. Ihre Mail-Adresse senden. Elektronische Post erhalten Sie von uns jedoch nur dann, wenn Sie uns Ihre E-Mail-Adresse zum angegebenen Zweck zur Verf\u00fcgung stellen m\u00f6chten.<\/p>\n<h2>Streitschlichtung<\/h2>\n<p>Wir sind nicht bereit oder verpflichtet, an Streitbeilegungsverfahren vor einer Verbraucherschlichtungsstelle teilzunehmen.<\/p>\n<h3>Concept &amp; Webdesign<\/h3>\n<p>Web und Design Kobes<br \/>\nMichael Kobes<br \/>\nOhrenbach 78<br \/>\n91620 Ohrenbach<\/p>\n<p>Tel.: 09865-9412960<br \/>\nFax: 09865-9412951<br \/>\nMobil: 0160-97734531<\/p>\n<p>Email: <a href=\"mailto:info@webdesign-kobes.de\" target=\"_blank\" rel=\"noopener\">info@webdesign-kobes.de<\/a><br \/>\nInternet: <a href=\"http:\/\/www.webdesign-kobes.de\/\" target=\"_blank\" rel=\"noopener\">www.webdesign-kobes.de<\/a><\/p>\n<h1>Impressum<\/h1>\n<p>&nbsp;<\/p>\n<p><strong>Sporcher Nest<\/strong><br \/>\nInhaber Peter Hummel<br \/>\nHaffnersgartenstrasse 1<br \/>\n90556 Cadolzburg<\/p>\n<p>Tel.: 09103-790239-0<br \/>\nFax: 09103-790239-99<br \/>\n<a href=\"mailto:hotel@sporchernest.de\" target=\"_blank\" rel=\"noopener\">hotel@sporchernest.de<\/a><\/p>\n<p>Steuernummer: 218\/231\/80958<br \/>\nUmsatzsteuer-Identifikationsnummer: DE 29 344 39 72<\/p>\n<p>Verantwortlich f\u00fcr den Inhalt<br \/>\nPeter Hummel<\/p>\n<p>&nbsp;<\/p>\n<p><strong>Copyright<\/strong><\/p>\n<p>\u00a9 2016 Sporcher Nest. Alle Rechte vorbehalten. Die Informationen sind Eigentum von Sporcher Nest. Sie stellen die zum Zeitpunkt der Publikation neuesten Informationen dar.<\/p>\n<p>Sporcher Nest beh\u00e4lt sich das Recht vor, bei Bedarf \u00c4nderungen durchzuf\u00fchren. Aus den hier beschriebenen Themenbereichen k\u00f6nnen keine Rechtsanspr\u00fcche abgeleitet werden.<\/p>\n<p>Die Inhalte d\u00fcrfen weder ganz noch teilweise ohne vorherige schriftliche Genehmigung des Urhebers vervielf\u00e4ltigt und\/oder ver\u00f6ffentlicht oder in einem Informationssystem gespeichert werden.<\/p>\n<p>Sporcher Nest \u00fcbernimmt keinerlei Haftung f\u00fcr die Richtigkeit der Angaben auf dieser Website. Die Angebote sind in allen Teilen unverbindlich.<\/p>\n<p><strong>Fotos<br \/>\n<\/strong><br \/>\nAlle eingestellten\u00a0Fotos\u00a0entstanden durch:\u00a0Peter Hummel<\/p>\n<p><strong>Links<\/strong><\/p>\n<p>Links zu Websites Dritter werden Ihnen auf dieser Website als reine Serviceleistung bzw. als Hinweis angeboten. F\u00fcr die Inhalte, zu denen verlinkt wird, sind die Anbieter der jeweiligen Websites selbst verantwortlich. Sporcher Nest billigt die Drittinhalte weder, noch soll durch die Verlinkung eine Verbindung zwischen Sporcher Nest und diesen Inhalten hergestellt werden.<\/p>\n<p><strong>Haftungsausschluss<\/strong><\/p>\n<p>Jedoch kann keine Garantie daf\u00fcr \u00fcbernommen werden, dass alle Angaben zu jeder Zeit vollst\u00e4ndig, richtig und in letzter Aktualit\u00e4t dargestellt sind. Dies gilt insbesondere f\u00fcr alle Links zu anderen Websites, auf die direkt oder indirekt verwiesen wird. Alle Angaben k\u00f6nnen ohne vorherige Ank\u00fcndigung erg\u00e4nzt, entfernt oder ge\u00e4ndert werden. Alle auf dieser Website genannten Produktnamen, Produktbezeichnungen und Logos sind eingetragene Warenzeichen und Eigentum der jeweiligen Rechteinhaber.<\/p>\n<p><strong>Datenschutzerkl\u00e4rung<\/strong><\/p>\n<p>Ihre Daten werden von unserer Seite nur gem\u00e4\u00df den gesetzlich geltenden Bestimmungen verwendet, in einem anderen als dem dadurch vorgegebenen Rahmen werden sie nicht genutzt. Geltung besitzt die hier vorliegende Datenschutzerkl\u00e4rung lediglich f\u00fcr diejenigen Internetseiten, die von uns angeboten werden. Handelt es sich um Internetseiten von fremden Dienstanbietern, auf die durch eine Verlinkung auf einer unserer Seiten verwiesen wird, besitzt diese Erkl\u00e4rung keine G\u00fcltigkeit.<\/p>\n<p>Ihre Anonymit\u00e4t kann Ihnen bei der Nutzung unserer Seiten garantiert werden; es steht Ihnen jedoch frei, pers\u00f6nliche Daten bez\u00fcglich Ihrer Person aus eigenem Antrieb anzugeben. Dieser Fall k\u00f6nnte beispielsweise eintreten, wenn Sie eine der von uns angebotenen Leistungen in Anspruch nehmen. In manchen F\u00e4llen, beispielsweise bei den Formularangeboten, ist dann eine Angabe pers\u00f6nlicher Daten unumg\u00e4nglich. Diese werden jedoch im Rahmen der gesetzlichen Bestimmungen verwaltet und nicht an Dritte vermittelt.<\/p>\n<p>Hiermit versichern wir Ihnen, dass die Informationen zu Ihrer Person, die Sie uns im Rahmen Ihrer pers\u00f6nlichen Daten zukommen lassen, h\u00f6chst vertraulich behandelt werden. Sollten Sie uns nicht aus bestimmten Gr\u00fcnden selbst dazu erm\u00e4chtigen, geben wir Ihre Daten auf keinen Fall aus den H\u00e4nden. Eine Ausnahme besteht hierbei lediglich in der gesetzlichen und rechtlichen Verpflichtung zur Weitergabe personenbezogener Daten.<\/p>\n<p>Trotz der vertraulichen Behandlung Ihrer personenbezogenen Daten m\u00f6chten wir Sie bitten, gewisse Risikofaktoren zu bedenken: Bei der Weitergabe pers\u00f6nlicher Informationen im Internet kann es vorkommen, dass Daten im \u00dcbermittlungsprozess f\u00fcr Dritte sichtbar oder gar von diesen verf\u00e4lscht werden. Wir achten mit allen uns m\u00f6glichen Mitteln auf die Sicherheit Ihrer pers\u00f6nlichen Informationen, m\u00f6chten aber auf die gerade im Netz vorkommenden Eventualit\u00e4ten hinweisen.<\/p>\n<p>Auf unseren Seiten und hinsichtlich unseres Angebots achten wir auf Transparenz:<br \/>\nSollten Sie das Bed\u00fcrfnis besitzen, einen \u00dcberblick \u00fcber die Daten zu erhalten, die wir zu Ihrer Person gespeichert haben, k\u00f6nnen wir diesem Verlangen jederzeit nachkommen. Auch \u00c4nderungen und Berichtigungen der Informationen k\u00f6nnen nat\u00fcrlich stets vorgenommen werden; weiterhin ist es auch m\u00f6glich, die Ihre Person betreffenden Daten l\u00f6schen zu lassen. Sollten Sie einen Einblick in Ihre Daten, deren Korrektur oder das L\u00f6schen der Informationen w\u00fcnschen, informieren Sie uns dar\u00fcber in einem Schreiben an die Adresse, die Sie im Impressum finden.<\/p>\n<p>Sollten Sie eine Benachrichtigung \u00fcber neue Produkte w\u00fcnschen oder aktuelle Informationen zeitnah erfahren wollen, kann dies in Form von E-Mails geschehen, die wir in regelm\u00e4\u00dfigen Abst\u00e4nden den Anl\u00e4ssen entsprechend an Sie bzw. Ihre Mail-Adresse senden. Elektronische Post erhalten Sie von uns jedoch nur dann, wenn Sie uns Ihre E-Mail-Adresse zum angegebenen Zweck zur Verf\u00fcgung stellen m\u00f6chten.<\/p>\n<h2>Streitschlichtung<\/h2>\n<p>Wir sind nicht bereit oder verpflichtet, an Streitbeilegungsverfahren vor einer Verbraucherschlichtungsstelle teilzunehmen.<\/p>\n<h3>Concept &amp; Webdesign<\/h3>\n<p>Web und Design Kobes<br \/>\nMichael Kobes<br \/>\nOhrenbach 78<br \/>\n91620 Ohrenbach<\/p>\n<p>Tel.: 09865-9412960<br \/>\nFax: 09865-9412951<br \/>\nMobil: 0160-97734531<\/p>\n<p>Email: <a href=\"mailto:info@webdesign-kobes.de\" target=\"_blank\" rel=\"noopener\">info@webdesign-kobes.de<\/a><br \/>\nInternet: <a href=\"http:\/\/www.webdesign-kobes.de\/\" target=\"_blank\" rel=\"noopener\">www.webdesign-kobes.de<\/a><\/p>\n<h1>Impressum<\/h1>\n<p>&nbsp;<\/p>\n<p><strong>Sporcher Nest<\/strong><br \/>\nInhaber Peter Hummel<br \/>\nHaffnersgartenstrasse 1<br \/>\n90556 Cadolzburg<\/p>\n<p>Tel.: 09103-790239-0<br \/>\nFax: 09103-790239-99<br \/>\n<a href=\"mailto:hotel@sporchernest.de\" target=\"_blank\" rel=\"noopener\">hotel@sporchernest.de<\/a><\/p>\n<p>Steuernummer: 218\/231\/80958<br \/>\nUmsatzsteuer-Identifikationsnummer: DE 29 344 39 72<\/p>\n<p>Verantwortlich f\u00fcr den Inhalt<br \/>\nPeter Hummel<\/p>\n<p>&nbsp;<\/p>\n<p><strong>Copyright<\/strong><\/p>\n<p>\u00a9 2016 Sporcher Nest. Alle Rechte vorbehalten. Die Informationen sind Eigentum von Sporcher Nest. Sie stellen die zum Zeitpunkt der Publikation neuesten Informationen dar.<\/p>\n<p>Sporcher Nest beh\u00e4lt sich das Recht vor, bei Bedarf \u00c4nderungen durchzuf\u00fchren. Aus den hier beschriebenen Themenbereichen k\u00f6nnen keine Rechtsanspr\u00fcche abgeleitet werden.<\/p>\n<p>Die Inhalte d\u00fcrfen weder ganz noch teilweise ohne vorherige schriftliche Genehmigung des Urhebers vervielf\u00e4ltigt und\/oder ver\u00f6ffentlicht oder in einem Informationssystem gespeichert werden.<\/p>\n<p>Sporcher Nest \u00fcbernimmt keinerlei Haftung f\u00fcr die Richtigkeit der Angaben auf dieser Website. Die Angebote sind in allen Teilen unverbindlich.<\/p>\n<p><strong>Fotos<br \/>\n<\/strong><br \/>\nAlle eingestellten\u00a0Fotos\u00a0entstanden durch:\u00a0Peter Hummel<\/p>\n<p><strong>Links<\/strong><\/p>\n<p>Links zu Websites Dritter werden Ihnen auf dieser Website als reine Serviceleistung bzw. als Hinweis angeboten. F\u00fcr die Inhalte, zu denen verlinkt wird, sind die Anbieter der jeweiligen Websites selbst verantwortlich. Sporcher Nest billigt die Drittinhalte weder, noch soll durch die Verlinkung eine Verbindung zwischen Sporcher Nest und diesen Inhalten hergestellt werden.<\/p>\n<p><strong>Haftungsausschluss<\/strong><\/p>\n<p>Jedoch kann keine Garantie daf\u00fcr \u00fcbernommen werden, dass alle Angaben zu jeder Zeit vollst\u00e4ndig, richtig und in letzter Aktualit\u00e4t dargestellt sind. Dies gilt insbesondere f\u00fcr alle Links zu anderen Websites, auf die direkt oder indirekt verwiesen wird. Alle Angaben k\u00f6nnen ohne vorherige Ank\u00fcndigung erg\u00e4nzt, entfernt oder ge\u00e4ndert werden. Alle auf dieser Website genannten Produktnamen, Produktbezeichnungen und Logos sind eingetragene Warenzeichen und Eigentum der jeweiligen Rechteinhaber.<\/p>\n<p><strong>Datenschutzerkl\u00e4rung<\/strong><\/p>\n<p>Ihre Daten werden von unserer Seite nur gem\u00e4\u00df den gesetzlich geltenden Bestimmungen verwendet, in einem anderen als dem dadurch vorgegebenen Rahmen werden sie nicht genutzt. Geltung besitzt die hier vorliegende Datenschutzerkl\u00e4rung lediglich f\u00fcr diejenigen Internetseiten, die von uns angeboten werden. Handelt es sich um Internetseiten von fremden Dienstanbietern, auf die durch eine Verlinkung auf einer unserer Seiten verwiesen wird, besitzt diese Erkl\u00e4rung keine G\u00fcltigkeit.<\/p>\n<p>Ihre Anonymit\u00e4t kann Ihnen bei der Nutzung unserer Seiten garantiert werden; es steht Ihnen jedoch frei, pers\u00f6nliche Daten bez\u00fcglich Ihrer Person aus eigenem Antrieb anzugeben. Dieser Fall k\u00f6nnte beispielsweise eintreten, wenn Sie eine der von uns angebotenen Leistungen in Anspruch nehmen. In manchen F\u00e4llen, beispielsweise bei den Formularangeboten, ist dann eine Angabe pers\u00f6nlicher Daten unumg\u00e4nglich. Diese werden jedoch im Rahmen der gesetzlichen Bestimmungen verwaltet und nicht an Dritte vermittelt.<\/p>\n<p>Hiermit versichern wir Ihnen, dass die Informationen zu Ihrer Person, die Sie uns im Rahmen Ihrer pers\u00f6nlichen Daten zukommen lassen, h\u00f6chst vertraulich behandelt werden. Sollten Sie uns nicht aus bestimmten Gr\u00fcnden selbst dazu erm\u00e4chtigen, geben wir Ihre Daten auf keinen Fall aus den H\u00e4nden. Eine Ausnahme besteht hierbei lediglich in der gesetzlichen und rechtlichen Verpflichtung zur Weitergabe personenbezogener Daten.<\/p>\n<p>Trotz der vertraulichen Behandlung Ihrer personenbezogenen Daten m\u00f6chten wir Sie bitten, gewisse Risikofaktoren zu bedenken: Bei der Weitergabe pers\u00f6nlicher Informationen im Internet kann es vorkommen, dass Daten im \u00dcbermittlungsprozess f\u00fcr Dritte sichtbar oder gar von diesen verf\u00e4lscht werden. Wir achten mit allen uns m\u00f6glichen Mitteln auf die Sicherheit Ihrer pers\u00f6nlichen Informationen, m\u00f6chten aber auf die gerade im Netz vorkommenden Eventualit\u00e4ten hinweisen.<\/p>\n<p>Auf unseren Seiten und hinsichtlich unseres Angebots achten wir auf Transparenz:<br \/>\nSollten Sie das Bed\u00fcrfnis besitzen, einen \u00dcberblick \u00fcber die Daten zu erhalten, die wir zu Ihrer Person gespeichert haben, k\u00f6nnen wir diesem Verlangen jederzeit nachkommen. Auch \u00c4nderungen und Berichtigungen der Informationen k\u00f6nnen nat\u00fcrlich stets vorgenommen werden; weiterhin ist es auch m\u00f6glich, die Ihre Person betreffenden Daten l\u00f6schen zu lassen. Sollten Sie einen Einblick in Ihre Daten, deren Korrektur oder das L\u00f6schen der Informationen w\u00fcnschen, informieren Sie uns dar\u00fcber in einem Schreiben an die Adresse, die Sie im Impressum finden.<\/p>\n<p>Sollten Sie eine Benachrichtigung \u00fcber neue Produkte w\u00fcnschen oder aktuelle Informationen zeitnah erfahren wollen, kann dies in Form von E-Mails geschehen, die wir in regelm\u00e4\u00dfigen Abst\u00e4nden den Anl\u00e4ssen entsprechend an Sie bzw. Ihre Mail-Adresse senden. Elektronische Post erhalten Sie von uns jedoch nur dann, wenn Sie uns Ihre E-Mail-Adresse zum angegebenen Zweck zur Verf\u00fcgung stellen m\u00f6chten.<\/p>\n<h2>Streitschlichtung<\/h2>\n<p>Wir sind nicht bereit oder verpflichtet, an Streitbeilegungsverfahren vor einer Verbraucherschlichtungsstelle teilzunehmen.<\/p>\n<h3>Concept &amp; Webdesign<\/h3>\n<p>Web und Design Kobes<br \/>\nMichael Kobes<br \/>\nOhrenbach 78<br \/>\n91620 Ohrenbach<\/p>\n<p>Tel.: 09865-9412960<br \/>\nFax: 09865-9412951<br \/>\nMobil: 0160-97734531<\/p>\n<p>Email: <a href=\"mailto:info@webdesign-kobes.de\" target=\"_blank\" rel=\"noopener\">info@webdesign-kobes.de<\/a><br \/>\nInternet: <a href=\"http:\/\/www.webdesign-kobes.de\/\" target=\"_blank\" rel=\"noopener\">www.webdesign-kobes.de<\/a><\/p>","protected":false},"excerpt":{"rendered":"<p>Impressum &nbsp; Sporcher Nest Inhaber Peter Hummel Haffnersgartenstrasse 1 90556 Cadolzburg Tel.: 09103-790239-0 Fax: 09103-790239-99 hotel@sporchernest.de Steuernummer: 218\/231\/80958 Umsatzsteuer-Identifikationsnummer: DE 29 344 39 72 Verantwortlich f\u00fcr den Inhalt Peter Hummel &nbsp; Copyright \u00a9 2016 Sporcher Nest. Alle Rechte vorbehalten. Die Informationen sind Eigentum von Sporcher Nest. Sie stellen die zum Zeitpunkt der Publikation neuesten Informationen [&hellip;]<\/p>\n","protected":false},"author":1,"featured_media":0,"parent":0,"menu_order":0,"comment_status":"closed","ping_status":"closed","template":"template-full-width.php","meta":{"footnotes":""},"class_list":["post-19","page","type-page","status-publish","hentry"],"aioseo_notices":[],"_links":{"self":[{"href":"https:\/\/sporchernest-hotel.de\/de\/wp-json\/wp\/v2\/pages\/19","targetHints":{"allow":["GET"]}}],"collection":[{"href":"https:\/\/sporchernest-hotel.de\/de\/wp-json\/wp\/v2\/pages"}],"about":[{"href":"https:\/\/sporchernest-hotel.de\/de\/wp-json\/wp\/v2\/types\/page"}],"author":[{"embeddable":true,"href":"https:\/\/sporchernest-hotel.de\/de\/wp-json\/wp\/v2\/users\/1"}],"replies":[{"embeddable":true,"href":"https:\/\/sporchernest-hotel.de\/de\/wp-json\/wp\/v2\/comments?post=19"}],"version-history":[{"count":41,"href":"https:\/\/sporchernest-hotel.de\/de\/wp-json\/wp\/v2\/pages\/19\/revisions"}],"predecessor-version":[{"id":702,"href":"https:\/\/sporchernest-hotel.de\/de\/wp-json\/wp\/v2\/pages\/19\/revisions\/702"}],"wp:attachment":[{"href":"https:\/\/sporchernest-hotel.de\/de\/wp-json\/wp\/v2\/media?parent=19"}],"curies":[{"name":"wp","href":"https:\/\/api.w.org\/{rel}","templated":true}]}}