{"id":9,"date":"2015-12-22T18:01:09","date_gmt":"2015-12-22T18:01:09","guid":{"rendered":"http:\/\/sporchernest-hotel.de\/?page_id=9"},"modified":"2024-01-19T10:59:43","modified_gmt":"2024-01-19T10:59:43","slug":"cafe-bar","status":"publish","type":"page","link":"https:\/\/sporchernest-hotel.de\/de\/cafe-bar","title":{"rendered":"Cafe \u2013 Bar"},"content":{"rendered":"<h1>Cafe \u2013 Bar<\/h1>\n\n\t\t<!-- MasterSlider -->\n\t\t<div id=\"P_MS69d0ae943dc3e\" class=\"master-slider-parent msl ms-parent-id-4\" style=\"\">\n\n\t\t\t\n\t\t\t<!-- MasterSlider Main -->\n\t\t\t<div id=\"MS69d0ae943dc3e\" class=\"master-slider ms-skin-light-6 round-skin\" >\n\t\t\t\t \t\t\t\t \n\t\t\t\t<div  class=\"ms-slide\" data-delay=\"3\" data-fill-mode=\"fill\"  >\n\t\t\t\t\t<img decoding=\"async\" src=\"https:\/\/sporchernest-hotel.de\/wp-content\/plugins\/master-slider\/public\/assets\/css\/blank.gif\" alt=\"\" title=\"\" data-src=\"https:\/\/sporchernest-hotel.de\/wp-content\/uploads\/2016\/07\/Zapfanlage-SporcherNest-Cadolzburg.jpg\" \/>\n\n\n\t<div class=\"ms-thumb\" ><div class=\"ms-tab-context\"><div class=\"&quot;ms-tab-context&quot;\"><\/div><\/div>\n<\/div>\n\t\t\t\t<\/div>\n\t\t\t\t<div  class=\"ms-slide\" data-delay=\"3\" data-fill-mode=\"fill\"  >\n\t\t\t\t\t<img decoding=\"async\" src=\"https:\/\/sporchernest-hotel.de\/wp-content\/plugins\/master-slider\/public\/assets\/css\/blank.gif\" alt=\"\" title=\"\" data-src=\"https:\/\/sporchernest-hotel.de\/wp-content\/uploads\/2019\/02\/Cafemaschine3.jpg\" \/>\n\n\n\t<div class=\"ms-thumb\" ><div class=\"ms-tab-context\"><div class=\"&quot;ms-tab-context&quot;\"><\/div><\/div>\n<\/div>\n\t\t\t\t<\/div>\n\t\t\t\t<div  class=\"ms-slide\" data-delay=\"3\" data-fill-mode=\"fill\"  >\n\t\t\t\t\t<img decoding=\"async\" src=\"https:\/\/sporchernest-hotel.de\/wp-content\/plugins\/master-slider\/public\/assets\/css\/blank.gif\" alt=\"\" title=\"\" data-src=\"https:\/\/sporchernest-hotel.de\/wp-content\/uploads\/2016\/07\/Fr\u00fchst\u00fccksraum.jpg\" \/>\n\n\n\t<div class=\"ms-thumb\" ><div class=\"ms-tab-context\"><div class=\"&quot;ms-tab-context&quot;\"><\/div><\/div>\n<\/div>\n\t\t\t\t<\/div>\n\t\t\t\t<div  class=\"ms-slide\" data-delay=\"3\" data-fill-mode=\"fill\"  >\n\t\t\t\t\t<img decoding=\"async\" src=\"https:\/\/sporchernest-hotel.de\/wp-content\/plugins\/master-slider\/public\/assets\/css\/blank.gif\" alt=\"\" title=\"\" data-src=\"https:\/\/sporchernest-hotel.de\/wp-content\/uploads\/2016\/05\/Hotel-Bar-Cadolzburg-F\u00fcrth-Sporcher-Nest.jpg\" \/>\n\n\n\t<div class=\"ms-thumb\" ><div class=\"ms-tab-context\"><div class=\"&quot;ms-tab-context&quot;\"><\/div><\/div>\n<\/div>\n\t\t\t\t<\/div>\n\t\t\t\t<div  class=\"ms-slide\" data-delay=\"3\" data-fill-mode=\"fill\"  >\n\t\t\t\t\t<img decoding=\"async\" src=\"https:\/\/sporchernest-hotel.de\/wp-content\/plugins\/master-slider\/public\/assets\/css\/blank.gif\" alt=\"\" title=\"\" data-src=\"https:\/\/sporchernest-hotel.de\/wp-content\/uploads\/2016\/07\/Sitzgruppe-Cafe-Caolzburg-F\u00fcrth.jpg\" \/>\n\n\n\t<div class=\"ms-thumb\" ><div class=\"ms-tab-context\"><div class=\"&quot;ms-tab-context&quot;\"><\/div><\/div>\n<\/div>\n\t\t\t\t<\/div>\n\t\t\t\t<div  class=\"ms-slide\" data-delay=\"3\" data-fill-mode=\"fill\"  >\n\t\t\t\t\t<img decoding=\"async\" src=\"https:\/\/sporchernest-hotel.de\/wp-content\/plugins\/master-slider\/public\/assets\/css\/blank.gif\" alt=\"\" title=\"\" data-src=\"https:\/\/sporchernest-hotel.de\/wp-content\/uploads\/2016\/07\/Cafe-Cadolzburg-in-F\u00fcrth.jpg\" \/>\n\n\n\t<div class=\"ms-thumb\" ><div class=\"ms-tab-context\"><div class=\"&quot;ms-tab-context&quot;\"><\/div><\/div>\n<\/div>\n\t\t\t\t<\/div>\n\t\t\t\t<div  class=\"ms-slide\" data-delay=\"3\" data-fill-mode=\"fill\"  >\n\t\t\t\t\t<img decoding=\"async\" src=\"https:\/\/sporchernest-hotel.de\/wp-content\/plugins\/master-slider\/public\/assets\/css\/blank.gif\" alt=\"\" title=\"\" data-src=\"https:\/\/sporchernest-hotel.de\/wp-content\/uploads\/2020\/06\/Fr\u00fch1-2020.jpg\" \/>\n\n\n\t<div class=\"ms-thumb\" ><div class=\"ms-tab-context\"><div class=\"&quot;ms-tab-context&quot;\"><\/div><\/div>\n<\/div>\n\t\t\t\t<\/div>\n\t\t\t\t<div  class=\"ms-slide\" data-delay=\"3\" data-fill-mode=\"fill\"  >\n\t\t\t\t\t<img decoding=\"async\" src=\"https:\/\/sporchernest-hotel.de\/wp-content\/plugins\/master-slider\/public\/assets\/css\/blank.gif\" alt=\"\" title=\"\" data-src=\"https:\/\/sporchernest-hotel.de\/wp-content\/uploads\/2020\/06\/Fr\u00fchst\u00fcck2020.jpg\" \/>\n\n\n\t<div class=\"ms-thumb\" ><div class=\"ms-tab-context\"><div class=\"&quot;ms-tab-context&quot;\"><\/div><\/div>\n<\/div>\n\t\t\t\t<\/div>\n\t\t\t\t<div  class=\"ms-slide\" data-delay=\"3\" data-fill-mode=\"fill\"  >\n\t\t\t\t\t<img decoding=\"async\" src=\"https:\/\/sporchernest-hotel.de\/wp-content\/plugins\/master-slider\/public\/assets\/css\/blank.gif\" alt=\"\" title=\"\" data-src=\"https:\/\/sporchernest-hotel.de\/wp-content\/uploads\/2019\/02\/Zapfhahn-2.neu-au\u00dfen.jpg\" \/>\n\n\n\t<div class=\"ms-thumb\" ><div class=\"ms-tab-context\"><div class=\"&quot;ms-tab-context&quot;\"><\/div><\/div>\n<\/div>\n\t\t\t\t<\/div>\n\n\t\t\t<\/div>\n\t\t\t<!-- END MasterSlider Main -->\n\n\t\t\t \n\t\t<\/div>\n\t\t<!-- END MasterSlider -->\n\n\t\t<script>\n\t\t(function ( $ ) {\n\t\t\t\"use strict\";\n\n\t\t\t$(function () {\n\t\t\t\tvar masterslider_dc3e = new MasterSlider();\n\n\t\t\t\t\/\/ slider controls\n\t\t\t\tmasterslider_dc3e.control('arrows'     ,{ autohide:true, overVideo:true  });\n\t\t\t\t\/\/ slider setup\n\t\t\t\tmasterslider_dc3e.setup(\"MS69d0ae943dc3e\", {\n\t\t\t\t\t\twidth           : 800,\n\t\t\t\t\t\theight          : 520,\n\t\t\t\t\t\tminHeight       : 0,\n\t\t\t\t\t\tspace           : 0,\n\t\t\t\t\t\tstart           : 1,\n\t\t\t\t\t\tgrabCursor      : true,\n\t\t\t\t\t\tswipe           : true,\n\t\t\t\t\t\tmouse           : true,\n\t\t\t\t\t\tlayout          : \"fullwidth\",\n\t\t\t\t\t\twheel           : false,\n\t\t\t\t\t\tautoplay        : true,\n\t\t\t\t\t\tinstantStartLayers:false,\n\t\t\t\t\t\tloop            : false,\n\t\t\t\t\t\tshuffle         : false,\n\t\t\t\t\t\tpreload         : 0,\n\t\t\t\t\t\theightLimit     : true,\n\t\t\t\t\t\tautoHeight      : false,\n\t\t\t\t\t\tsmoothHeight    : true,\n\t\t\t\t\t\tendPause        : false,\n\t\t\t\t\t\toverPause       : true,\n\t\t\t\t\t\tfillMode        : \"fill\",\n\t\t\t\t\t\tcenterControls  : false,\n\t\t\t\t\t\tstartOnAppear   : false,\n\t\t\t\t\t\tlayersMode      : \"center\",\n\t\t\t\t\t\thideLayers      : false,\n\t\t\t\t\t\tfullscreenMargin: 0,\n\t\t\t\t\t\tspeed           : 20,\n\t\t\t\t\t\tdir             : \"h\",\n\t\t\t\t\t\tparallaxMode    : 'swipe',\n\t\t\t\t\t\tview            : \"basic\"\n\t\t\t\t});\n\n\t\t\t\t\n\t\t\t\twindow.masterslider_instances = window.masterslider_instances || [];\n\t\t\t\twindow.masterslider_instances.push( masterslider_dc3e );\n\t\t\t });\n\n\t\t})(jQuery);\n\t\t<\/script>\n\n\n<h2>Das Fr\u00fchst\u00fcck im Sporcher Nest begeistert&#8230;<\/h2>\n<p>Wir bieten al la carte &#8211; von Ihnen gew\u00e4hlt und am Tisch serviert<\/p>\n<p>&nbsp;<\/p>\n<p><strong>Reservierung<\/strong><br \/>\nAuf schriftliche Anfrage per Mail, gerne ab 4 Personen m\u00f6glich<\/p>\n<h3>\u00d6ffnungszeiten:<\/h3>\n<p>Montag bis Sonntag<br \/>\n9.00 \u2013 12.00 Uhr<\/p>\n<p>&nbsp;<\/p>\n<p>Reservierungen, auch au\u00dferhalb der \u00d6ffnungszeiten,<br \/>\nz.B. f\u00fcr Jubil\u00e4en oder Familienfeiern,<br \/>\nsind gerne m\u00f6glich.<\/p>\n<p>Wenn Bedarf besteht, k\u00f6nnen wir gerne bei Ihren Feierlichkeiten fotografieren!","protected":false},"excerpt":{"rendered":"<p>Cafe \u2013 Bar Das Fr\u00fchst\u00fcck im Sporcher Nest begeistert&#8230; Wir bieten al la carte &#8211; von Ihnen gew\u00e4hlt und am Tisch serviert &nbsp; Reservierung Auf schriftliche Anfrage per Mail, gerne ab 4 Personen m\u00f6glich \u00d6ffnungszeiten: Montag bis Sonntag 9.00 \u2013 12.00 Uhr &nbsp; Reservierungen, auch au\u00dferhalb der \u00d6ffnungszeiten, z.B. f\u00fcr Jubil\u00e4en oder Familienfeiern, sind gerne [&hellip;]<\/p>\n","protected":false},"author":1,"featured_media":0,"parent":0,"menu_order":0,"comment_status":"closed","ping_status":"closed","template":"template-full-width.php","meta":{"footnotes":""},"class_list":["post-9","page","type-page","status-publish","hentry"],"aioseo_notices":[],"_links":{"self":[{"href":"https:\/\/sporchernest-hotel.de\/de\/wp-json\/wp\/v2\/pages\/9","targetHints":{"allow":["GET"]}}],"collection":[{"href":"https:\/\/sporchernest-hotel.de\/de\/wp-json\/wp\/v2\/pages"}],"about":[{"href":"https:\/\/sporchernest-hotel.de\/de\/wp-json\/wp\/v2\/types\/page"}],"author":[{"embeddable":true,"href":"https:\/\/sporchernest-hotel.de\/de\/wp-json\/wp\/v2\/users\/1"}],"replies":[{"embeddable":true,"href":"https:\/\/sporchernest-hotel.de\/de\/wp-json\/wp\/v2\/comments?post=9"}],"version-history":[{"count":102,"href":"https:\/\/sporchernest-hotel.de\/de\/wp-json\/wp\/v2\/pages\/9\/revisions"}],"predecessor-version":[{"id":674,"href":"https:\/\/sporchernest-hotel.de\/de\/wp-json\/wp\/v2\/pages\/9\/revisions\/674"}],"wp:attachment":[{"href":"https:\/\/sporchernest-hotel.de\/de\/wp-json\/wp\/v2\/media?parent=9"}],"curies":[{"name":"wp","href":"https:\/\/api.w.org\/{rel}","templated":true}]}}